{"id":569,"date":"2023-12-23T13:40:10","date_gmt":"2023-12-23T12:40:10","guid":{"rendered":"https:\/\/weathercontent.com\/?page_id=569"},"modified":"2025-10-10T11:56:45","modified_gmt":"2025-10-10T09:56:45","slug":"impressum","status":"publish","type":"page","link":"https:\/\/weathercontent.com\/en\/impressum\/","title":{"rendered":"Imprint"},"content":{"rendered":"<div data-elementor-type=\"wp-page\" data-elementor-id=\"569\" class=\"elementor elementor-569\" data-elementor-post-type=\"page\">\n\t\t\t\t\t\t<section class=\"elementor-section elementor-top-section elementor-element elementor-element-e23c38c elementor-section-boxed elementor-section-height-default elementor-section-height-default\" data-id=\"e23c38c\" data-element_type=\"section\" data-e-type=\"section\" data-settings=\"{&quot;mdp_selection_sticky_effect_enable&quot;:false}\">\n\t\t\t\t\t\t<div class=\"elementor-container elementor-column-gap-default\">\n\t\t\t\t\t<div class=\"elementor-column elementor-col-100 elementor-top-column elementor-element elementor-element-862ed37\" data-id=\"862ed37\" data-element_type=\"column\" data-e-type=\"column\" data-settings=\"{&quot;mdp_selection_sticky_column_effect_enable&quot;:false}\">\n\t\t\t<div class=\"elementor-widget-wrap elementor-element-populated\">\n\t\t\t\t\t\t<div class=\"elementor-element elementor-element-06ac19c elementor-widget elementor-widget-text-editor\" data-id=\"06ac19c\" data-element_type=\"widget\" data-e-type=\"widget\" data-widget_type=\"text-editor.default\">\n\t\t\t\t<div class=\"elementor-widget-container\">\n\t\t\t\t\t\t\t\t\t<p><b>Imprint<\/b><\/p><p>Informationspflicht laut \u00a75 E-Commerce Gesetz, \u00a714 Unternehmensgesetzbuch, \u00a763 Gewerbeordnung und Offenlegungspflicht laut \u00a725 Mediengesetz.<\/p><p>Weathercontent KG<\/p><p>Noah Weninger<\/p><p>M\u00fcnchnerstra\u00dfe 19, <br \/>6330 Kufstein <br \/>\u00d6sterreich<\/p>\t\t\t\t\t\t\t\t<\/div>\n\t\t\t\t<\/div>\n\t\t\t\t\t<\/div>\n\t\t<\/div>\n\t\t\t\t\t<\/div>\n\t\t<\/section>\n\t\t\t\t<\/div>","protected":false},"excerpt":{"rendered":"<p>Impressum Informationspflicht laut \u00a75 E-Commerce Gesetz, \u00a714 Unternehmensgesetzbuch, \u00a763 Gewerbeordnung und Offenlegungspflicht laut \u00a725 Mediengesetz. Weathercontent KG Noah Weninger M\u00fcnchnerstra\u00dfe 19, 6330 Kufstein \u00d6sterreich<\/p>","protected":false},"author":1,"featured_media":0,"parent":0,"menu_order":0,"comment_status":"closed","ping_status":"closed","template":"","meta":{"footnotes":""},"class_list":["post-569","page","type-page","status-publish","hentry"],"_links":{"self":[{"href":"https:\/\/weathercontent.com\/en\/wp-json\/wp\/v2\/pages\/569","targetHints":{"allow":["GET"]}}],"collection":[{"href":"https:\/\/weathercontent.com\/en\/wp-json\/wp\/v2\/pages"}],"about":[{"href":"https:\/\/weathercontent.com\/en\/wp-json\/wp\/v2\/types\/page"}],"author":[{"embeddable":true,"href":"https:\/\/weathercontent.com\/en\/wp-json\/wp\/v2\/users\/1"}],"replies":[{"embeddable":true,"href":"https:\/\/weathercontent.com\/en\/wp-json\/wp\/v2\/comments?post=569"}],"version-history":[{"count":7,"href":"https:\/\/weathercontent.com\/en\/wp-json\/wp\/v2\/pages\/569\/revisions"}],"predecessor-version":[{"id":614,"href":"https:\/\/weathercontent.com\/en\/wp-json\/wp\/v2\/pages\/569\/revisions\/614"}],"wp:attachment":[{"href":"https:\/\/weathercontent.com\/en\/wp-json\/wp\/v2\/media?parent=569"}],"curies":[{"name":"wp","href":"https:\/\/api.w.org\/{rel}","templated":true}]}}